{"id":12396,"date":"2019-02-25T06:57:47","date_gmt":"2019-02-25T06:57:47","guid":{"rendered":"http:\/\/www.gianlucatognon.com\/?page_id=12396"},"modified":"2021-03-12T05:23:24","modified_gmt":"2021-03-12T05:23:24","slug":"politique-de-confidentialite","status":"publish","type":"page","link":"https:\/\/www.gianlucatognon.com\/fr\/politique-de-confidentialite\/","title":{"rendered":"Politique de confidentialit\u00e9"},"content":{"rendered":"\t\t<div data-elementor-type=\"wp-page\" data-elementor-id=\"12396\" class=\"elementor elementor-12396\" data-elementor-post-type=\"page\">\n\t\t\t\t\t\t<section class=\"elementor-section elementor-top-section elementor-element elementor-element-216b3b81 elementor-section-height-min-height elementor-section-boxed elementor-section-height-default elementor-section-items-middle\" data-id=\"216b3b81\" data-element_type=\"section\" data-e-type=\"section\" data-settings=\"{&quot;background_background&quot;:&quot;slideshow&quot;,&quot;background_slideshow_gallery&quot;:[{&quot;id&quot;:2331,&quot;url&quot;:&quot;https:\\\/\\\/www.gianlucatognon.com\\\/wp-content\\\/uploads\\\/2016\\\/12\\\/Ginluca-togno-sfondo-pagine.jpg&quot;}],&quot;background_slideshow_loop&quot;:&quot;yes&quot;,&quot;background_slideshow_slide_duration&quot;:5000,&quot;background_slideshow_slide_transition&quot;:&quot;fade&quot;,&quot;background_slideshow_transition_duration&quot;:500}\">\n\t\t\t\t\t\t\t<div class=\"elementor-background-overlay\"><\/div>\n\t\t\t\t\t\t\t<div class=\"elementor-container elementor-column-gap-default\">\n\t\t\t\t\t<div class=\"elementor-column elementor-col-100 elementor-top-column elementor-element elementor-element-78466441\" data-id=\"78466441\" data-element_type=\"column\" data-e-type=\"column\">\n\t\t\t<div class=\"elementor-widget-wrap\">\n\t\t\t\t\t\t\t<\/div>\n\t\t<\/div>\n\t\t\t\t\t<\/div>\n\t\t<\/section>\n\t\t\t\t<section class=\"elementor-section elementor-top-section elementor-element elementor-element-331300c9 elementor-section-full_width elementor-section-stretched elementor-section-height-default elementor-section-height-default\" data-id=\"331300c9\" data-element_type=\"section\" data-e-type=\"section\" data-settings=\"{&quot;stretch_section&quot;:&quot;section-stretched&quot;,&quot;background_background&quot;:&quot;classic&quot;}\">\n\t\t\t\t\t\t<div class=\"elementor-container elementor-column-gap-default\">\n\t\t\t\t\t<div class=\"elementor-column elementor-col-100 elementor-top-column elementor-element elementor-element-2fa32549\" data-id=\"2fa32549\" data-element_type=\"column\" data-e-type=\"column\">\n\t\t\t<div class=\"elementor-widget-wrap elementor-element-populated\">\n\t\t\t\t\t\t<section class=\"elementor-section elementor-inner-section elementor-element elementor-element-74614ee elementor-section-boxed elementor-section-height-default elementor-section-height-default\" data-id=\"74614ee\" data-element_type=\"section\" data-e-type=\"section\">\n\t\t\t\t\t\t<div class=\"elementor-container elementor-column-gap-default\">\n\t\t\t\t\t<div class=\"elementor-column elementor-col-100 elementor-inner-column elementor-element elementor-element-2c101b3d\" data-id=\"2c101b3d\" data-element_type=\"column\" data-e-type=\"column\">\n\t\t\t<div class=\"elementor-widget-wrap elementor-element-populated\">\n\t\t\t\t\t\t<div class=\"elementor-element elementor-element-72e70196 elementor-widget elementor-widget-text-editor\" data-id=\"72e70196\" data-element_type=\"widget\" data-e-type=\"widget\" data-widget_type=\"text-editor.default\">\n\t\t\t\t<div class=\"elementor-widget-container\">\n\t\t\t\t\t\t\t\t\tNotre soci\u00e9t\u00e9 se conforme aux principes du RGPD ( Reglement G\u00e9n\u00e9ral pour la protection des Donn\u00e9es). Les six principes directeurs g\u00e9n\u00e9raux sont :\n<ul>\n \t<li>Lic\u00e9it\u00e9, loyaut\u00e9 et transparence<\/li>\n \t<li>Limitation des finalit\u00e9s<\/li>\n \t<li>Minimisation des donn\u00e9es<\/li>\n \t<li>Exactitude des donn\u00e9es<\/li>\n \t<li>Limitation de la conservation<\/li>\n \t<li>Int\u00e9grit\u00e9 et confidentialit\u00e9<\/li>\n<\/ul>\nLa confidentialit\u00e9 et la s\u00e9curit\u00e9 de vos donn\u00e9es sont de la plus haute importance pour nous. Nous suivrons toujours ces principes et vous demanderons comment vous souhaitez que nous (ou nos partenaires) communiquions avec vous.\n<h2><strong>Quels renseignements personnels recueillons-nous aupr\u00e8s des personnes qui visitent notre blog, notre site Web ?<\/strong><\/h2>\nLors d&rsquo;une commande ou de l\u2019inscription sur notre site, selon le cas, nous pouvons vous demander de renseigner votre nom, votre adresse \u00e9lectronique, votre adresse postale, votre num\u00e9ro de t\u00e9l\u00e9phone, des renseignements sur votre carte de cr\u00e9dit ou d\u2019autres d\u00e9tails afin d-am\u00e9liorer votre exp\u00e9rience.\n<h2><strong>Quand recueillons-nous des informations?<\/strong><\/h2>\nNous recueillons des informations sur vous quand vous vous inscrivez sur notre site, passez une commande, souscrivez \u00e0 un bulletin d\u2019information, ou entrez des informations sur notre site.\n<h2><strong>Comment utilisons-nous vos informations?<\/strong><\/h2>\nNous pouvons utiliser les renseignements que nous recueillons aupr\u00e8s de vous lorsque vous vous inscrivez, faites un achat, vous vous inscrivez \u00e0 notre bulletin d\u2019information, vous r\u00e9pondez \u00e0 un sondage ou \u00e0 une communication commerciales, naviguez sur le site Web ou utilisez d&rsquo;autres caract\u00e9ristiques du site de la fa\u00e7on suivante :\n<ul>\n \t<li>Pour personnaliser votre exp\u00e9rience et nous permettre d\u2019offrir le type de contenu et de produits qui vous int\u00e9resse le plus.<\/li>\n \t<li>Pour am\u00e9liorer notre site Web afin de mieux vous servir.<\/li>\n \t<li>Pour nous permettre de mieux vous servir en r\u00e9pondant \u00e0 vos demandes d&rsquo;asistanceclients<\/li>\n \t<li>Pour traiter rapidement vos commandes.<\/li>\n \t<li>Pour demander des notes et des commentaires sur nos services ou nos produits.<\/li>\n \t<li>Pour faire un suivi de nos correspondances (chat en direct, email ou t\u00e9l\u00e9phone).Pour Analyser le trafic du site<\/li>\n<\/ul>\n<h2><strong>Comment prot\u00e9geons-nous vos renseignements personnels ?<\/strong><\/h2>\nNous n\u2019utilisons pas d\u2019analyse de vuln\u00e9rabilit\u00e9 et\/ou d\u2019analyse selon les normes PCI.\n\nUne passerelle de paiement externe conforme \u00e0 la norme PCI traite toutes les transactions par carte de cr\u00e9dit.\n\nNous utilisons des systemes pour nous proteger de logiciels malveillants.\n\nVos renseignements personnels sont contenus dans des r\u00e9seaux s\u00e9curis\u00e9s et ne sont accessibles \u00a0que par un nombre limit\u00e9 de personnes qui ont des droits d\u2019acc\u00e8s sp\u00e9ciaux \u00e0 ces syst\u00e8mes et qui sont tenues de garder ces renseignements confidentiels. De plus, toutes les informations sensibles que vous fournissez sont crypt\u00e9es via la technologie Secure Socket Layer (SSL).\n\nNous mettons en \u0153uvre diverses mesures de s\u00e9curit\u00e9 lorsqu\u2019un utilisateur passe une commande, entre, soumet ou acc\u00e8de \u00e0 ses informations afin de maintenir la s\u00e9curit\u00e9 de vos informations personnelles.\n\nToutes les transactions sont trait\u00e9es par un fournisseur de services de paiement et ne sont pas stock\u00e9es ou trait\u00e9es sur nos serveurs.\n<h2><strong>Utilisons-nous des cookies ?<\/strong><\/h2>\nOui. Les cookies sont des petits fichiers qu\u2019un site ou son fournisseur de services transf\u00e8re sur le disque dur de votre ordinateur par l\u2019interm\u00e9diaire de votre navigateur Web (si vous l&rsquo;autorisez) et qui permettent aux syst\u00e8mes du site ou du fournisseur de services de reconna\u00eetre votre navigateur et de capturer et m\u00e9moriser certaines informations. Par exemple, nous utilisons des cookies pour nous aider \u00e0 nous souvenir et \u00e0 traiter les articles de votre panier d\u2019achat. Ils sont \u00e9galement utilis\u00e9s pour nous aider \u00e0 comprendre vos pr\u00e9f\u00e9rences en fonction de l\u2019activit\u00e9 ant\u00e9rieure ou actuelle du site, ce qui nous permet de vous fournir des services am\u00e9lior\u00e9s. Nous utilisons \u00e9galement les cookies pour nous aider \u00e0 compiler des donn\u00e9es agr\u00e9g\u00e9es sur le trafic du site et l\u2019interaction avec le site afin que nous puissions offrir de meilleures exp\u00e9riences et de meilleurs outils dans le futur.\n<h3><strong>Nous utilisons des cookies pour :<\/strong><\/h3>\n<ul>\n \t<li>Aider \u00e0 m\u00e9moriser et \u00e0 traiter les articles dans le panier d\u2019achat.<\/li>\n \t<li>Comprendre et sauvegarder les pr\u00e9f\u00e9rences de l\u2019utilisateur pour de futures visites.<\/li>\n \t<li>Compiler des donn\u00e9es agr\u00e9g\u00e9es sur le trafic et les interactions du site afin d\u2019offrir de meilleures exp\u00e9riences et de meilleurs outils pour l\u2019avenir. Nous pouvons \u00e9galement utiliser des services de tiers de confiance qui assurent le suivi de ces informations en notre nom.<\/li>\n<\/ul>\nVous pouvez choisir de recevoir un avertissement de votre ordinateur chaque fois qu\u2019un cookie est envoy\u00e9, ou vous pouvez choisir de d\u00e9sactiver tous les cookies. Vous le faites par le biais des param\u00e8tres de votre navigateur. Puisque les navigateurs sont un peu diff\u00e9rents, consultez le menu d\u2019aide de votre navigateur pour savoir comment modifier vos cookies. Lire plus d\u2019informations sur la\u00a0<a href=\"\/fr\/Politique-de-confidentialit\u00e9\/\"><strong>politique en mati\u00e8re de cookies<\/strong><\/a>\n<h3><strong>Si les utilisateurs d\u00e9sactivent les cookies dans leur navigateur:<\/strong><\/h3>\nSi vous d\u00e9sactivez les cookies, cela peut entra\u00eener la d\u00e9sactivation de quelques fonctions du site.\n<h2><strong>Divulgation par des tiers<\/strong><\/h2>\nNous ne vendons pas, n\u2019\u00e9changeons pas ou ne transf\u00e9rons pas vos renseignements personnels identifiables \u00e0 des tiers, \u00e0 moins que nous n\u2019en avisons les utilisateurs \u00e0 l\u2019avance. Ceci n\u2019inclut pas les partenaires d\u2019h\u00e9bergement de site Web et d\u2019autres parties qui nous aident \u00e0 exploiter notre site Web, \u00e0 mener nos affaires ou \u00e0 servir nos utilisateurs, \u00e0 condition que ces parties acceptent de garder ces renseignements confidentiels. Nous pouvons \u00e9galement divulguer des informations lorsqu\u2019il est appropri\u00e9 de le faire pour se conformer \u00e0 la loi, appliquer les politiques de notre site, ou prot\u00e9ger nos droits ou ceux d\u2019autres personnes, la propri\u00e9t\u00e9 ou la s\u00e9curit\u00e9.\n\nToutefois, les informations non personnelles identifiables des visiteurs peuvent \u00eatre fournies \u00e0 d\u2019autres parties \u00e0 des fins de marketing, de publicit\u00e9 ou d\u2019autres utilisations.\n\n<strong>Liens de tiers<\/strong>\n\nOccasionnellement, et \u00e0 notre discr\u00e9tion, nous pouvons inclure ou offrir des produits ou services de tiers sur notre site Web. Ces sites tiers ont des politiques de confidentialit\u00e9 distinctes et ind\u00e9pendantes. Par cons\u00e9quent, nous n\u2019assumons aucune responsabilit\u00e9 quant au contenu et aux activit\u00e9s de ces sites li\u00e9s. N\u00e9anmoins, nous cherchons \u00e0 prot\u00e9ger l\u2019int\u00e9grit\u00e9 de notre site et nous sommes ouverts \u00e0 tout commentaire de votre part sur ces sites.\n\n<strong>Google<\/strong>\n\nLes exigences de Google en mati\u00e8re de publicit\u00e9 peuvent \u00eatre r\u00e9sum\u00e9es par les principes de publicit\u00e9 de Google. Ils sont mis en place pour offrir une exp\u00e9rience positive aux utilisateurs.\u00a0<a href=\"https:\/\/support.google.com\/adwordspolicy\/answer\/1316548?hl=fr\" target=\"_blank\" rel=\"noopener\">https:\/\/support.google.com\/adwordspolicy\/answer\/1316548?hl=fr<\/a>\n\nGoogle, en tant que fournisseur tiers, utilise des cookies pour diffuser des annonces sur notre site. L\u2019utilisation par Google du cookie DART lui permet de diffuser des annonces \u00e0 nos utilisateurs en fonction des visites pr\u00e9c\u00e9dentes sur notre site et d\u2019autres sites sur Internet. Les utilisateurs peuvent refuser l\u2019utilisation du cookie DART en visitant la politique de confidentialit\u00e9 de Google Ad and Content Network.\n\n<strong>Nous avons mis en \u0153uvre ce qui suit :<\/strong>\n<ul>\n \t<li>D\u00e9claration des donn\u00e9es d\u00e9mographiques et des int\u00e9r\u00eats<\/li>\n<\/ul>\nNous, ainsi que des fournisseurs tiers tels que Google, utilisons ensemble des cookies de premi\u00e8re partie (tels que les cookies Google Analytics) et des cookies tiers (tels que le cookie DoubleClick) ou d\u2019autres identifiants tiers.\n\n<strong>D\u00e9sinscription:<\/strong>\n\nLes utilisateurs peuvent d\u00e9finir des pr\u00e9f\u00e9rences pour la mani\u00e8re dont Google vous envoie des annonces \u00e0 l\u2019aide de la page Param\u00e8tres des annonces Google. Vous pouvez \u00e9galement vous d\u00e9sengager en visitant la page Network Advertising Initiative Opt Out ou en utilisant le module compl\u00e9mentaire du navigateur de Google Analytics.\n<h2><strong>Politique enfants<\/strong><\/h2>\nNous nous effor\u00e7ons d&rsquo;autre part \u00e0 garantir une protection pour les enfants qui utilisent Internet. Nous encourageons les parents et tuteurs \u00e0 observer, participer, contr\u00f4ler et guider leurs enfants dans leurs activit\u00e9s en ligne.\n\nGianluca Tognon ne collecte pas intentionnellement d&rsquo;informations personnelles et identifiables de personnes de moins de 18 ans. Si vous pensez que votre enfant a fourni ce type d&rsquo;information sur notre site, nous vous encourageons vivement \u00e0 nous contacter imm\u00e9diatement et nous ferons notre possible pour retirer ces informations de nos donn\u00e9es.\n<h2><strong>Nous contacter<\/strong><\/h2>\nSi vous avez des questions concernant cette politique de confidentialit\u00e9, vous pouvez nous contacter en utilisant les informations ci-dessous.\n<h2><strong>Gianluca Tognon<\/strong><\/h2>\nAskims Svedjev\u00e4g 28\u00a0Gothenburg,\n\nSweden\u00a0436 42\n\nTelephone: +46 727 335920\t\t\t\t\t\t\t\t<\/div>\n\t\t\t\t<\/div>\n\t\t\t\t\t<\/div>\n\t\t<\/div>\n\t\t\t\t\t<\/div>\n\t\t<\/section>\n\t\t\t\t\t<\/div>\n\t\t<\/div>\n\t\t\t\t\t<\/div>\n\t\t<\/section>\n\t\t\t\t<section class=\"elementor-section elementor-top-section elementor-element elementor-element-165b69f0 elementor-section-full_width elementor-section-stretched elementor-section-height-default elementor-section-height-default\" data-id=\"165b69f0\" data-element_type=\"section\" data-e-type=\"section\" data-settings=\"{&quot;stretch_section&quot;:&quot;section-stretched&quot;,&quot;background_background&quot;:&quot;classic&quot;}\">\n\t\t\t\t\t\t<div class=\"elementor-container elementor-column-gap-default\">\n\t\t\t\t\t<div class=\"elementor-column elementor-col-33 elementor-top-column elementor-element elementor-element-745d9a5d\" data-id=\"745d9a5d\" data-element_type=\"column\" data-e-type=\"column\">\n\t\t\t<div class=\"elementor-widget-wrap\">\n\t\t\t\t\t\t\t<\/div>\n\t\t<\/div>\n\t\t\t\t<div class=\"elementor-column elementor-col-33 elementor-top-column elementor-element elementor-element-4f67b2bd\" data-id=\"4f67b2bd\" data-element_type=\"column\" data-e-type=\"column\">\n\t\t\t<div class=\"elementor-widget-wrap elementor-element-populated\">\n\t\t\t\t\t\t<div class=\"elementor-element elementor-element-3ac3e4c5 elementor-widget elementor-widget-spacer\" data-id=\"3ac3e4c5\" data-element_type=\"widget\" data-e-type=\"widget\" data-widget_type=\"spacer.default\">\n\t\t\t\t<div class=\"elementor-widget-container\">\n\t\t\t\t\t\t\t<div class=\"elementor-spacer\">\n\t\t\t<div class=\"elementor-spacer-inner\"><\/div>\n\t\t<\/div>\n\t\t\t\t\t\t<\/div>\n\t\t\t\t<\/div>\n\t\t\t\t<div class=\"elementor-element elementor-element-4b8f0b60 elementor-widget elementor-widget-heading\" data-id=\"4b8f0b60\" data-element_type=\"widget\" data-e-type=\"widget\" data-widget_type=\"heading.default\">\n\t\t\t\t<div class=\"elementor-widget-container\">\n\t\t\t\t\t<h2 class=\"elementor-heading-title elementor-size-default\">Contattami<\/h2>\t\t\t\t<\/div>\n\t\t\t\t<\/div>\n\t\t\t\t<div class=\"elementor-element elementor-element-272cba2b elementor-widget elementor-widget-text-editor\" data-id=\"272cba2b\" data-element_type=\"widget\" data-e-type=\"widget\" data-widget_type=\"text-editor.default\">\n\t\t\t\t<div class=\"elementor-widget-container\">\n\t\t\t\t\t\t\t\t\t<p>Compila il modulo accanto se vuoi contattarmi o chiedermi informazioni sui miei servizi.<\/p>\t\t\t\t\t\t\t\t<\/div>\n\t\t\t\t<\/div>\n\t\t\t\t<div class=\"elementor-element elementor-element-ce4cd7f elementor-icon-list--layout-traditional elementor-list-item-link-full_width elementor-widget elementor-widget-icon-list\" data-id=\"ce4cd7f\" data-element_type=\"widget\" data-e-type=\"widget\" data-widget_type=\"icon-list.default\">\n\t\t\t\t<div class=\"elementor-widget-container\">\n\t\t\t\t\t\t\t<ul class=\"elementor-icon-list-items\">\n\t\t\t\t\t\t\t<li class=\"elementor-icon-list-item\">\n\t\t\t\t\t\t\t\t\t\t\t<span class=\"elementor-icon-list-icon\">\n\t\t\t\t\t\t\t<i aria-hidden=\"true\" class=\"fas fa-phone-alt\"><\/i>\t\t\t\t\t\t<\/span>\n\t\t\t\t\t\t\t\t\t\t<span class=\"elementor-icon-list-text\">+39 347 4453990<\/span>\n\t\t\t\t\t\t\t\t\t<\/li>\n\t\t\t\t\t\t<\/ul>\n\t\t\t\t\t\t<\/div>\n\t\t\t\t<\/div>\n\t\t\t\t<div class=\"elementor-element elementor-element-5a473b2e e-grid-align-left elementor-shape-rounded elementor-grid-0 elementor-widget elementor-widget-social-icons\" data-id=\"5a473b2e\" data-element_type=\"widget\" data-e-type=\"widget\" data-widget_type=\"social-icons.default\">\n\t\t\t\t<div class=\"elementor-widget-container\">\n\t\t\t\t\t\t\t<div class=\"elementor-social-icons-wrapper elementor-grid\" role=\"list\">\n\t\t\t\t\t\t\t<span class=\"elementor-grid-item\" role=\"listitem\">\n\t\t\t\t\t<a class=\"elementor-icon elementor-social-icon elementor-social-icon-linkedin elementor-repeater-item-030002b\" href=\"https:\/\/www.linkedin.com\/in\/gianlucatognon\/\" target=\"_blank\" rel=\"noopener\">\n\t\t\t\t\t\t<span class=\"elementor-screen-only\">Linkedin<\/span>\n\t\t\t\t\t\t<i aria-hidden=\"true\" class=\"fab fa-linkedin\"><\/i>\t\t\t\t\t<\/a>\n\t\t\t\t<\/span>\n\t\t\t\t\t\t\t<span class=\"elementor-grid-item\" role=\"listitem\">\n\t\t\t\t\t<a class=\"elementor-icon elementor-social-icon elementor-social-icon-facebook elementor-repeater-item-ad94a5e\" href=\"https:\/\/www.facebook.com\/gianluca.tognon.4\" target=\"_blank\" rel=\"noopener\">\n\t\t\t\t\t\t<span class=\"elementor-screen-only\">Facebook<\/span>\n\t\t\t\t\t\t<i aria-hidden=\"true\" class=\"fab fa-facebook\"><\/i>\t\t\t\t\t<\/a>\n\t\t\t\t<\/span>\n\t\t\t\t\t\t\t<span class=\"elementor-grid-item\" role=\"listitem\">\n\t\t\t\t\t<a class=\"elementor-icon elementor-social-icon elementor-social-icon-twitter elementor-repeater-item-864774e\" href=\"https:\/\/twitter.com\/gianlucatognon\" target=\"_blank\" rel=\"noopener\">\n\t\t\t\t\t\t<span class=\"elementor-screen-only\">Twitter<\/span>\n\t\t\t\t\t\t<i aria-hidden=\"true\" class=\"fab fa-twitter\"><\/i>\t\t\t\t\t<\/a>\n\t\t\t\t<\/span>\n\t\t\t\t\t<\/div>\n\t\t\t\t\t\t<\/div>\n\t\t\t\t<\/div>\n\t\t\t\t\t<\/div>\n\t\t<\/div>\n\t\t\t\t<div class=\"elementor-column elementor-col-33 elementor-top-column elementor-element elementor-element-725e9dee\" data-id=\"725e9dee\" data-element_type=\"column\" data-e-type=\"column\">\n\t\t\t<div class=\"elementor-widget-wrap elementor-element-populated\">\n\t\t\t\t\t\t<div class=\"elementor-element elementor-element-7595a70b elementor-button-align-stretch elementor-widget elementor-widget-form\" data-id=\"7595a70b\" data-element_type=\"widget\" data-e-type=\"widget\" data-settings=\"{&quot;step_next_label&quot;:&quot;Next&quot;,&quot;step_previous_label&quot;:&quot;Previous&quot;,&quot;button_width&quot;:&quot;100&quot;,&quot;step_type&quot;:&quot;number_text&quot;,&quot;step_icon_shape&quot;:&quot;circle&quot;}\" data-widget_type=\"form.default\">\n\t\t\t\t<div class=\"elementor-widget-container\">\n\t\t\t\t\t\t\t<form class=\"elementor-form\" method=\"post\" name=\"New Form\" aria-label=\"New Form\">\n\t\t\t<input type=\"hidden\" name=\"post_id\" value=\"12396\"\/>\n\t\t\t<input type=\"hidden\" name=\"form_id\" value=\"7595a70b\"\/>\n\t\t\t<input type=\"hidden\" name=\"referer_title\" value=\"Politique de confidentialit\u00e9 - Gianluca Tognon, nutritionniste\" \/>\n\n\t\t\t\t\t\t\t<input type=\"hidden\" name=\"queried_id\" value=\"12396\"\/>\n\t\t\t\n\t\t\t<div class=\"elementor-form-fields-wrapper elementor-labels-above\">\n\t\t\t\t\t\t\t\t<div class=\"elementor-field-type-text elementor-field-group elementor-column elementor-field-group-name elementor-col-100\">\n\t\t\t\t\t\t\t\t\t\t\t\t<label for=\"form-field-name\" class=\"elementor-field-label\">\n\t\t\t\t\t\t\t\tNome\t\t\t\t\t\t\t<\/label>\n\t\t\t\t\t\t\t\t\t\t\t\t\t\t<input size=\"1\" type=\"text\" name=\"form_fields[name]\" id=\"form-field-name\" class=\"elementor-field elementor-size-sm  elementor-field-textual\" placeholder=\"Nome\">\n\t\t\t\t\t\t\t\t\t\t\t<\/div>\n\t\t\t\t\t\t\t\t<div class=\"elementor-field-type-email elementor-field-group elementor-column elementor-field-group-email elementor-col-100 elementor-field-required\">\n\t\t\t\t\t\t\t\t\t\t\t\t<label for=\"form-field-email\" class=\"elementor-field-label\">\n\t\t\t\t\t\t\t\tEmail\t\t\t\t\t\t\t<\/label>\n\t\t\t\t\t\t\t\t\t\t\t\t\t\t<input size=\"1\" type=\"email\" name=\"form_fields[email]\" id=\"form-field-email\" class=\"elementor-field elementor-size-sm  elementor-field-textual\" placeholder=\"Email\" required=\"required\">\n\t\t\t\t\t\t\t\t\t\t\t<\/div>\n\t\t\t\t\t\t\t\t<div class=\"elementor-field-type-textarea elementor-field-group elementor-column elementor-field-group-message elementor-col-100\">\n\t\t\t\t\t\t\t\t\t\t\t\t<label for=\"form-field-message\" class=\"elementor-field-label\">\n\t\t\t\t\t\t\t\tMessaggio\t\t\t\t\t\t\t<\/label>\n\t\t\t\t\t\t<textarea class=\"elementor-field-textual elementor-field  elementor-size-sm\" name=\"form_fields[message]\" id=\"form-field-message\" rows=\"4\" placeholder=\"Messaggio\"><\/textarea>\t\t\t\t<\/div>\n\t\t\t\t\t\t\t\t<div class=\"elementor-field-group elementor-column elementor-field-type-submit elementor-col-100 e-form__buttons\">\n\t\t\t\t\t<button class=\"elementor-button elementor-size-sm\" type=\"submit\">\n\t\t\t\t\t\t<span class=\"elementor-button-content-wrapper\">\n\t\t\t\t\t\t\t\t\t\t\t\t\t\t\t\t\t\t\t\t\t\t<span class=\"elementor-button-text\">Invia<\/span>\n\t\t\t\t\t\t\t\t\t\t\t\t\t<\/span>\n\t\t\t\t\t<\/button>\n\t\t\t\t<\/div>\n\t\t\t<\/div>\n\t\t<\/form>\n\t\t\t\t\t\t<\/div>\n\t\t\t\t<\/div>\n\t\t\t\t\t<\/div>\n\t\t<\/div>\n\t\t\t\t\t<\/div>\n\t\t<\/section>\n\t\t\t\t<\/div>\n\t\t","protected":false},"excerpt":{"rendered":"<p>Notre soci\u00e9t\u00e9 se conforme aux principes du RGPD ( Reglement G\u00e9n\u00e9ral pour la protection des Donn\u00e9es). Les six principes directeurs g\u00e9n\u00e9raux sont : Lic\u00e9it\u00e9, loyaut\u00e9 et transparence Limitation des finalit\u00e9s Minimisation des donn\u00e9es Exactitude des donn\u00e9es Limitation de la conservation Int\u00e9grit\u00e9 et confidentialit\u00e9 La confidentialit\u00e9 et la s\u00e9curit\u00e9 de vos donn\u00e9es sont de la plus<\/p>\n","protected":false},"author":1,"featured_media":0,"parent":0,"menu_order":0,"comment_status":"closed","ping_status":"closed","template":"elementor_header_footer","meta":{"footnotes":""},"class_list":["post-12396","page","type-page","status-publish","hentry","prodpage-classic"],"_links":{"self":[{"href":"https:\/\/www.gianlucatognon.com\/fr\/wp-json\/wp\/v2\/pages\/12396","targetHints":{"allow":["GET"]}}],"collection":[{"href":"https:\/\/www.gianlucatognon.com\/fr\/wp-json\/wp\/v2\/pages"}],"about":[{"href":"https:\/\/www.gianlucatognon.com\/fr\/wp-json\/wp\/v2\/types\/page"}],"author":[{"embeddable":true,"href":"https:\/\/www.gianlucatognon.com\/fr\/wp-json\/wp\/v2\/users\/1"}],"replies":[{"embeddable":true,"href":"https:\/\/www.gianlucatognon.com\/fr\/wp-json\/wp\/v2\/comments?post=12396"}],"version-history":[{"count":2,"href":"https:\/\/www.gianlucatognon.com\/fr\/wp-json\/wp\/v2\/pages\/12396\/revisions"}],"predecessor-version":[{"id":16545,"href":"https:\/\/www.gianlucatognon.com\/fr\/wp-json\/wp\/v2\/pages\/12396\/revisions\/16545"}],"wp:attachment":[{"href":"https:\/\/www.gianlucatognon.com\/fr\/wp-json\/wp\/v2\/media?parent=12396"}],"curies":[{"name":"wp","href":"https:\/\/api.w.org\/{rel}","templated":true}]}}