{"id":12599,"date":"2019-03-22T05:28:14","date_gmt":"2019-03-22T05:28:14","guid":{"rendered":"http:\/\/www.gianlucatognon.com\/?page_id=12599"},"modified":"2019-07-09T07:57:23","modified_gmt":"2019-07-09T07:57:23","slug":"rectify-min-data-info","status":"publish","type":"page","link":"https:\/\/www.gianlucatognon.com\/sv\/rectify-min-data-info\/","title":{"rendered":"Rectify min data info"},"content":{"rendered":"<p>Du har r\u00e4tt att r\u00e4tta till eventuella uppgifter som du anser vara felaktiga eller felaktiga. F\u00f6r att skicka in din beg\u00e4ran f\u00f6r att r\u00e4tta till eventuella uppgifter vi h\u00e5ller p\u00e5 dig.<\/p>\n[gdpr_request_form type=&#8221;rectify&#8221;]\n","protected":false},"excerpt":{"rendered":"<p>Du har r\u00e4tt att r\u00e4tta till eventuella uppgifter som du anser vara felaktiga eller felaktiga. F\u00f6r att skicka in din beg\u00e4ran f\u00f6r att r\u00e4tta till eventuella uppgifter vi h\u00e5ller p\u00e5 dig. [gdpr_request_form type=&#8221;rectify&#8221;]<\/p>\n","protected":false},"author":1,"featured_media":0,"parent":0,"menu_order":0,"comment_status":"closed","ping_status":"closed","template":"elementor_header_footer","meta":{"footnotes":""},"class_list":["post-12599","page","type-page","status-publish","hentry","prodpage-classic"],"_links":{"self":[{"href":"https:\/\/www.gianlucatognon.com\/sv\/wp-json\/wp\/v2\/pages\/12599","targetHints":{"allow":["GET"]}}],"collection":[{"href":"https:\/\/www.gianlucatognon.com\/sv\/wp-json\/wp\/v2\/pages"}],"about":[{"href":"https:\/\/www.gianlucatognon.com\/sv\/wp-json\/wp\/v2\/types\/page"}],"author":[{"embeddable":true,"href":"https:\/\/www.gianlucatognon.com\/sv\/wp-json\/wp\/v2\/users\/1"}],"replies":[{"embeddable":true,"href":"https:\/\/www.gianlucatognon.com\/sv\/wp-json\/wp\/v2\/comments?post=12599"}],"version-history":[{"count":0,"href":"https:\/\/www.gianlucatognon.com\/sv\/wp-json\/wp\/v2\/pages\/12599\/revisions"}],"wp:attachment":[{"href":"https:\/\/www.gianlucatognon.com\/sv\/wp-json\/wp\/v2\/media?parent=12599"}],"curies":[{"name":"wp","href":"https:\/\/api.w.org\/{rel}","templated":true}]}}