{"id":19184,"date":"2024-04-12T16:39:27","date_gmt":"2024-04-24T18:03:19","guid":{"rendered":"http:\/\/www.gianlucatognon.com\/product\/paket-med-kostradgivning-online-3-sessioner-med-gianluca-tognon\/"},"modified":"2024-04-24T18:03:19","modified_gmt":"2024-04-24T18:03:19","slug":"paket-med-kostradgivning-online-3-sessioner-med-gianluca-tognon","status":"publish","type":"product","link":"https:\/\/www.gianlucatognon.com\/sv\/produkt\/paket-med-kostradgivning-online-3-sessioner-med-gianluca-tognon\/","title":{"rendered":"Paket med kostr\u00e5dgivning online | 3 sessioner med Gianluca Tognon"},"content":{"rendered":"<h2>Med v\u00e5rt paket kommer du att f\u00e5:<\/h2>\n<ol>\n<li><strong>Tre individuella sessioner via Zoom<\/strong>: Max en timme vardera.<\/li>\n<li><strong>Kopia av boken &#8221;20 kilo mindre.<\/strong> G\u00e5 ner i <strong>vikt utan bluffar&#8221;<\/strong>: En p\u00e5litlig guide f\u00f6r att g\u00e5 ner i vikt p\u00e5 ett h\u00e4lsosamt s\u00e4tt.<\/li>\n<li>Skr\u00e4ddarsydd <strong>kostplan<\/strong>: anpassad efter dina behov och m\u00e5l.<\/li>\n<li><strong>Whatsapp-support<\/strong>: Du kan kontakta mig mellan bes\u00f6ken om du har n\u00e5gra fr\u00e5gor eller funderingar.<\/li>\n<\/ol>\n<h3>Tillsammans kommer vi att arbeta f\u00f6r att hj\u00e4lpa dig att uppn\u00e5 dina kost- eller viktm\u00e5l och l\u00e4ra dig att hantera din kost p\u00e5 egen hand.<\/h3>\n","protected":false},"excerpt":{"rendered":"<ol>\n<li><strong>Tre individuella sessioner via Zoom<\/strong>: Max en timme vardera.<\/li>\n<li><strong>Kopia av boken &#8221;20 kilo mindre.<\/strong> G\u00e5 ner i <strong>vikt utan bluffar&#8221;<\/strong>: En p\u00e5litlig guide f\u00f6r att g\u00e5 ner i vikt p\u00e5 ett h\u00e4lsosamt s\u00e4tt.<\/li>\n<li>Skr\u00e4ddarsydd <strong>kostplan<\/strong>: anpassad efter dina behov och m\u00e5l.<\/li>\n<li><strong>Whatsapp-support<\/strong>: Du kan kontakta mig mellan bes\u00f6ken om du har n\u00e5gra fr\u00e5gor eller funderingar.<\/li>\n<\/ol>\n","protected":false},"featured_media":0,"template":"","meta":[],"product_brand":[],"product_cat":[976],"product_tag":[],"class_list":{"0":"post-19184","1":"product","2":"type-product","3":"status-publish","5":"product_cat-coachning","7":"first","8":"instock","9":"shipping-taxable","10":"purchasable","11":"product-type-simple","12":"prodpage-classic"},"_links":{"self":[{"href":"https:\/\/www.gianlucatognon.com\/sv\/wp-json\/wp\/v2\/product\/19184","targetHints":{"allow":["GET"]}}],"collection":[{"href":"https:\/\/www.gianlucatognon.com\/sv\/wp-json\/wp\/v2\/product"}],"about":[{"href":"https:\/\/www.gianlucatognon.com\/sv\/wp-json\/wp\/v2\/types\/product"}],"wp:attachment":[{"href":"https:\/\/www.gianlucatognon.com\/sv\/wp-json\/wp\/v2\/media?parent=19184"}],"wp:term":[{"taxonomy":"product_brand","embeddable":true,"href":"https:\/\/www.gianlucatognon.com\/sv\/wp-json\/wp\/v2\/product_brand?post=19184"},{"taxonomy":"product_cat","embeddable":true,"href":"https:\/\/www.gianlucatognon.com\/sv\/wp-json\/wp\/v2\/product_cat?post=19184"},{"taxonomy":"product_tag","embeddable":true,"href":"https:\/\/www.gianlucatognon.com\/sv\/wp-json\/wp\/v2\/product_tag?post=19184"}],"curies":[{"name":"wp","href":"https:\/\/api.w.org\/{rel}","templated":true}]}}